{"id":1949,"date":"2019-10-01T23:01:47","date_gmt":"2019-10-01T21:01:47","guid":{"rendered":"https:\/\/clubmariabarbeito.com\/?page_id=1949"},"modified":"2025-06-20T09:58:22","modified_gmt":"2025-06-20T07:58:22","slug":"normativa","status":"publish","type":"page","link":"https:\/\/clubmariabarbeito.com\/?page_id=1949","title":{"rendered":"NORMATIVA DEL CLUB MAR\u00cdA BARBEITO"},"content":{"rendered":"<p style=\"font-weight: 400;\"><strong>ORGANIZACI\u00d3N ADMINISTRATIVA:<\/strong><strong>\u00a0<\/strong><\/p>\n<p style=\"font-weight: 400;\">El curso comienza el 1 de octubre del 2025 y termina el 20 de junio del 2026. A d\u00eda 20 de junio del 2026 todos los alumnos\/as matriculados\/as causar\u00e1n baja, excepto los niveles de promoci\u00f3n, prebase, base y absoluto.<\/p>\n<p style=\"font-weight: 400;\">Haber estado matriculado en el Club Mar\u00eda Barbeito durante el curso 2025\/2026, <strong>no implica una reserva de plaza autom\u00e1tica <\/strong>para el curso 2026\/2027. Para continuar durante el curso siguiente ser\u00e1 necesario volver a inscribirse en el plazo destinado para ello. Las plazas vacantes se cubrir\u00e1n por riguroso orden de inscripci\u00f3n en la p\u00e1gina web del club (www.clubmariabarbeito.com).<\/p>\n<p style=\"font-weight: 400;\">El <strong>pago de las mensualidades<\/strong> se realizar\u00e1 a trav\u00e9s de domiciliaci\u00f3n bancaria en el n\u00famero de cuenta elegido por el abonado los 10 primeros d\u00edas de cada mes. Los importes de las mismas variar\u00e1n en funci\u00f3n del n\u00famero de d\u00edas\/horas semanales de entrenamiento, los hermanos\/as tendr\u00e1n un descuento de 10\u20ac. Pod\u00e9is consultar las cuotas \u00a0llam\u00e1ndonos al tel\u00e9fono de contacto del club. Las comisiones bancarias cargadas al club por recibos domiciliados devueltos deber\u00e1n ser abonadas en la cuenta del club y tendr\u00e1n un coste de 5\u20ac.<\/p>\n<p style=\"font-weight: 400;\">Para <strong>darse de baja de la actividad<\/strong>, hay que <strong>comunicarlo <\/strong><strong>por email, como muy tarde, el d\u00eda 25 <\/strong>del mes anterior, excepto durante el \u00faltimo trimestre (abril, mayo y junio) en el cual las alumnas participar\u00e1n en diferentes eventos deportivos planificados seg\u00fan grupos de edad y nivel por lo que ser\u00e1 obligatorio el pago de estas cuotas.<\/p>\n<p style=\"font-weight: 400;\">El club se reserva el derecho de anular la matr\u00edcula de un alumno\/a cuando reiteradamente sus cuotas est\u00e9n siendo devueltas por su entidad bancaria. Los alumnos\/as que causen baja y deseen formalizar de nuevo la inscripci\u00f3n, deber\u00e1n de estar al corriente del pago de sus cuotas.<\/p>\n<p style=\"font-weight: 400;\">Ante cualquier accidente o lesi\u00f3n producido durante los entrenamientos o los eventos donde participe el club deben ponerse en contacto con el mismo para poder <strong>hacer uso del seguro correspondiente. <\/strong><\/p>\n<p>&nbsp;<\/p>\n<p style=\"font-weight: 400;\"><strong>USO DEL ESPACIO:<\/strong><\/p>\n<p style=\"font-weight: 400;\"><strong>Los familiares no podr\u00e1n entrar a la instalaci\u00f3n<\/strong> (pista, grada o vestuarios). Deben limitarse a llevar y recoger a los alumnos antes y despu\u00e9s de las sesiones. Fuera del tiempo destinado a los entrenamientos los padres son responsables de sus hijos, el personal del club no puede cuidar a los ni\u00f1os fuera del tiempo de clase.<\/p>\n<p style=\"font-weight: 400;\">El club no se responsabiliza de los objetos perdidos\/robados en la instalaci\u00f3n pero se compromete a guardar todos los que encuentre durante un tiempo.<\/p>\n<p style=\"font-weight: 400;\"><strong>GRUPOS Y COMPETICIONES: <\/strong><\/p>\n<p style=\"font-weight: 400;\">La decisi\u00f3n sobre aspectos t\u00e9cnicos, distribuci\u00f3n de grupos y participaci\u00f3n o no en campeonatos por parte de los gimnastas, ser\u00e1 tarea \u00fanica y exclusivamente de los t\u00e9cnicos del Club Mar\u00eda Barbeito.<\/p>\n<p style=\"font-weight: 400; text-align: center;\"><strong>Al formalizar mi matr\u00edcula en el Club Mar\u00eda Barbeito <\/strong><strong>me comprometo <\/strong><strong>a respetar esta normativa.<\/strong><\/p>\n<p>&nbsp;<\/p>\n","protected":false},"excerpt":{"rendered":"<p>ORGANIZACI\u00d3N ADMINISTRATIVA:\u00a0 El curso comienza el 1 de octubre del 2025 y termina el 20 <a href=\"https:\/\/clubmariabarbeito.com\/?page_id=1949\">Read more<\/a><\/p>\n","protected":false},"author":2,"featured_media":0,"parent":0,"menu_order":0,"comment_status":"closed","ping_status":"closed","template":"","meta":{"footnotes":""},"class_list":["post-1949","page","type-page","status-publish","hentry"],"_links":{"self":[{"href":"https:\/\/clubmariabarbeito.com\/index.php?rest_route=\/wp\/v2\/pages\/1949"}],"collection":[{"href":"https:\/\/clubmariabarbeito.com\/index.php?rest_route=\/wp\/v2\/pages"}],"about":[{"href":"https:\/\/clubmariabarbeito.com\/index.php?rest_route=\/wp\/v2\/types\/page"}],"author":[{"embeddable":true,"href":"https:\/\/clubmariabarbeito.com\/index.php?rest_route=\/wp\/v2\/users\/2"}],"replies":[{"embeddable":true,"href":"https:\/\/clubmariabarbeito.com\/index.php?rest_route=%2Fwp%2Fv2%2Fcomments&post=1949"}],"version-history":[{"count":13,"href":"https:\/\/clubmariabarbeito.com\/index.php?rest_route=\/wp\/v2\/pages\/1949\/revisions"}],"predecessor-version":[{"id":2180,"href":"https:\/\/clubmariabarbeito.com\/index.php?rest_route=\/wp\/v2\/pages\/1949\/revisions\/2180"}],"wp:attachment":[{"href":"https:\/\/clubmariabarbeito.com\/index.php?rest_route=%2Fwp%2Fv2%2Fmedia&parent=1949"}],"curies":[{"name":"wp","href":"https:\/\/api.w.org\/{rel}","templated":true}]}}