{"id":2051,"date":"2023-03-13T18:21:44","date_gmt":"2023-03-13T16:21:44","guid":{"rendered":"https:\/\/clubmariabarbeito.com\/?page_id=2051"},"modified":"2023-03-22T13:36:43","modified_gmt":"2023-03-22T11:36:43","slug":"homepage-galego","status":"publish","type":"page","link":"https:\/\/clubmariabarbeito.com\/?page_id=2051&lang=gl","title":{"rendered":"Homepage &#8211; Galego"},"content":{"rendered":"<h1 style=\"text-align: center;\">Benvidos ao Club de Ximnasia R\u00edtmica Mar\u00eda Barbeito de La Coru\u00f1a<\/h1>\n","protected":false},"excerpt":{"rendered":"<p>Benvidos ao Club de Ximnasia R\u00edtmica Mar\u00eda Barbeito de La Coru\u00f1a<\/p>\n","protected":false},"author":1,"featured_media":0,"parent":0,"menu_order":0,"comment_status":"closed","ping_status":"closed","template":"template-home.php","meta":{"footnotes":""},"class_list":["post-2051","page","type-page","status-publish","hentry"],"_links":{"self":[{"href":"https:\/\/clubmariabarbeito.com\/index.php?rest_route=\/wp\/v2\/pages\/2051"}],"collection":[{"href":"https:\/\/clubmariabarbeito.com\/index.php?rest_route=\/wp\/v2\/pages"}],"about":[{"href":"https:\/\/clubmariabarbeito.com\/index.php?rest_route=\/wp\/v2\/types\/page"}],"author":[{"embeddable":true,"href":"https:\/\/clubmariabarbeito.com\/index.php?rest_route=\/wp\/v2\/users\/1"}],"replies":[{"embeddable":true,"href":"https:\/\/clubmariabarbeito.com\/index.php?rest_route=%2Fwp%2Fv2%2Fcomments&post=2051"}],"version-history":[{"count":1,"href":"https:\/\/clubmariabarbeito.com\/index.php?rest_route=\/wp\/v2\/pages\/2051\/revisions"}],"predecessor-version":[{"id":2085,"href":"https:\/\/clubmariabarbeito.com\/index.php?rest_route=\/wp\/v2\/pages\/2051\/revisions\/2085"}],"wp:attachment":[{"href":"https:\/\/clubmariabarbeito.com\/index.php?rest_route=%2Fwp%2Fv2%2Fmedia&parent=2051"}],"curies":[{"name":"wp","href":"https:\/\/api.w.org\/{rel}","templated":true}]}}