{"id":2068,"date":"2023-03-22T12:32:33","date_gmt":"2023-03-22T10:32:33","guid":{"rendered":"https:\/\/clubmariabarbeito.com\/?page_id=2068"},"modified":"2023-03-22T13:28:21","modified_gmt":"2023-03-22T11:28:21","slug":"2068-2","status":"publish","type":"page","link":"https:\/\/clubmariabarbeito.com\/?page_id=2068&lang=gl","title":{"rendered":"Clube"},"content":{"rendered":"<h3>SOBRE N\u00d3S<\/h3>\n<p>O club de ximnasia r\u00edtmica Mar\u00eda Barbeito xurdiu no ano 2000 dentro do colexio coru\u00f1\u00e9s do mesmo nome.<\/p>\n<p>Este deporte forma parte das actividades extraescolares do centro e sempre tivo unha gran acollida por parte do seu alumnado, por iso, no ano 2000 decidiuse crear un club para poder participar a nivel federado en torneos e competici\u00f3ns debido \u00e1 o nivel alcanzado.por certos alumnos.<\/p>\n<p>Dende ent\u00f3n o Club participou en diferentes eventos deportivos a nivel auton\u00f3mico e nacional.<\/p>\n","protected":false},"excerpt":{"rendered":"<p>SOBRE N\u00d3S O club de ximnasia r\u00edtmica Mar\u00eda Barbeito xurdiu no ano 2000 dentro do <a href=\"https:\/\/clubmariabarbeito.com\/?page_id=2068&#038;lang=gl\">Read more<\/a><\/p>\n","protected":false},"author":2,"featured_media":0,"parent":0,"menu_order":0,"comment_status":"closed","ping_status":"closed","template":"","meta":{"footnotes":""},"class_list":["post-2068","page","type-page","status-publish","hentry"],"_links":{"self":[{"href":"https:\/\/clubmariabarbeito.com\/index.php?rest_route=\/wp\/v2\/pages\/2068"}],"collection":[{"href":"https:\/\/clubmariabarbeito.com\/index.php?rest_route=\/wp\/v2\/pages"}],"about":[{"href":"https:\/\/clubmariabarbeito.com\/index.php?rest_route=\/wp\/v2\/types\/page"}],"author":[{"embeddable":true,"href":"https:\/\/clubmariabarbeito.com\/index.php?rest_route=\/wp\/v2\/users\/2"}],"replies":[{"embeddable":true,"href":"https:\/\/clubmariabarbeito.com\/index.php?rest_route=%2Fwp%2Fv2%2Fcomments&post=2068"}],"version-history":[{"count":5,"href":"https:\/\/clubmariabarbeito.com\/index.php?rest_route=\/wp\/v2\/pages\/2068\/revisions"}],"predecessor-version":[{"id":2098,"href":"https:\/\/clubmariabarbeito.com\/index.php?rest_route=\/wp\/v2\/pages\/2068\/revisions\/2098"}],"wp:attachment":[{"href":"https:\/\/clubmariabarbeito.com\/index.php?rest_route=%2Fwp%2Fv2%2Fmedia&parent=2068"}],"curies":[{"name":"wp","href":"https:\/\/api.w.org\/{rel}","templated":true}]}}