{"id":2073,"date":"2023-03-22T12:37:27","date_gmt":"2023-03-22T10:37:27","guid":{"rendered":"https:\/\/clubmariabarbeito.com\/?page_id=2073"},"modified":"2023-03-22T12:37:27","modified_gmt":"2023-03-22T10:37:27","slug":"regulamento-interno-do-club","status":"publish","type":"page","link":"https:\/\/clubmariabarbeito.com\/?page_id=2073&lang=gl","title":{"rendered":"REGULAMENTO INTERNO DO CLUB"},"content":{"rendered":"<h3>ORGANIZACI\u00d3N ADMINISTRATIVA:<\/h3>\n<p>O curso comeza o 1 de outubro de 2022 e remata o 20 de xu\u00f1o de 2023. A partir do 22 de xu\u00f1o de 2023, todos os alumnos matriculados ser\u00e1n retirados, ag\u00e1s os niveis de promoci\u00f3n, base e absoluto.<\/p>\n<p>O feito de estar matriculado no Club Mar\u00eda Barbeito durante o curso 2021\/2022 non implica a reserva autom\u00e1tica de praza para o curso 2022\/2023. Para continuar durante o curso seguinte ser\u00e1 necesario realizar a nova matr\u00edcula no prazo que se lle conceda. As prazas cubriranse por rigorosa orde de inscrici\u00f3n na p\u00e1xina web do club (www.clubmariabarbeito.com).<\/p>\n<p>O pagamento das mensualidades realizarase mediante domiciliaci\u00f3n bancaria no n\u00famero de conta que elixa o abonado os 10 primeiros d\u00edas de cada mes. As s\u00faas cont\u00edas variar\u00e1n en funci\u00f3n do n\u00famero de d\u00edas\/horas semanais de formaci\u00f3n, os irm\u00e1ns ter\u00e1n un desconto de 10\u20ac. Podes consultar as tarifas cham\u00e1ndonos ao n\u00famero de contacto do club. As comisi\u00f3ns bancarias que se cobran ao club polas facturas de domiciliaci\u00f3n devoltas deber\u00e1n ingresarse na conta do club e ter\u00e1n un custo de 5\u20ac.<\/p>\n<p>Para darse de baixa da actividade, deber\u00e1 comunicalo por correo electr\u00f3nico, como m\u00e1ximo, o d\u00eda 25 do mes anterior, ag\u00e1s durante o \u00faltimo trimestre (abril, maio e xu\u00f1o) no que o alumnado participar\u00e1 en diferentes eventos deportivos previstos segundo grupos de idade e nivel, polo que o pagamento destas taxas ser\u00e1 obrigatorio.<\/p>\n<p>O club res\u00e9rvase o dereito de cancelar a matr\u00edcula dun estudante cando as s\u00faas cotas sexan devoltas repetidamente polo seu banco. O alumnado que se retire e queira formalizar de novo a matr\u00edcula, deber\u00e1 estar ao d\u00eda no pagamento das s\u00faas taxas.<\/p>\n<p>No caso de producirse alg\u00fan accidente ou lesi\u00f3n que se produza durante os adestramentos ou eventos nos que participe o club, deber\u00e1n po\u00f1erse en contacto co club para facer uso do seguro correspondente.<\/p>\n<h3>USO DO ESPAZO:<\/h3>\n<p>Os familiares non poder\u00e1n acceder \u00e1s instalaci\u00f3ns (pista, gradas ou vestiarios). Deben limitarse a levar e recoller alumnos antes e despois das sesi\u00f3ns. F\u00f3ra do tempo de adestramento, os pais son responsables dos seus fillos, o persoal do club non pode atender aos nenos f\u00f3ra do horario lectivo.<\/p>\n<p>O club non se fai responsable dos artigos perdidos ou roubados nas instalaci\u00f3ns, pero comprom\u00e9tese a conservar todos os elementos atopados durante un per\u00edodo de tempo.<\/p>\n<h3>GRUPOS E CONCURSOS:<\/h3>\n<p>A decisi\u00f3n sobre aspectos t\u00e9cnicos, distribuci\u00f3n de grupos e participaci\u00f3n ou non en campionatos por parte das ximnastas, ser\u00e1 tarefa \u00fanica e exclusiva dos t\u00e9cnicos do Club Mar\u00eda Barbeito.<\/p>\n<p>Ao formalizar a mi\u00f1a inscrici\u00f3n no Club Mar\u00eda Barbeito, comprom\u00e9tome a respectar este regulamento.<\/p>\n","protected":false},"excerpt":{"rendered":"<p>ORGANIZACI\u00d3N ADMINISTRATIVA: O curso comeza o 1 de outubro de 2022 e remata o 20 <a href=\"https:\/\/clubmariabarbeito.com\/?page_id=2073&#038;lang=gl\">Read more<\/a><\/p>\n","protected":false},"author":2,"featured_media":0,"parent":0,"menu_order":0,"comment_status":"closed","ping_status":"closed","template":"","meta":{"footnotes":""},"class_list":["post-2073","page","type-page","status-publish","hentry"],"_links":{"self":[{"href":"https:\/\/clubmariabarbeito.com\/index.php?rest_route=\/wp\/v2\/pages\/2073"}],"collection":[{"href":"https:\/\/clubmariabarbeito.com\/index.php?rest_route=\/wp\/v2\/pages"}],"about":[{"href":"https:\/\/clubmariabarbeito.com\/index.php?rest_route=\/wp\/v2\/types\/page"}],"author":[{"embeddable":true,"href":"https:\/\/clubmariabarbeito.com\/index.php?rest_route=\/wp\/v2\/users\/2"}],"replies":[{"embeddable":true,"href":"https:\/\/clubmariabarbeito.com\/index.php?rest_route=%2Fwp%2Fv2%2Fcomments&post=2073"}],"version-history":[{"count":1,"href":"https:\/\/clubmariabarbeito.com\/index.php?rest_route=\/wp\/v2\/pages\/2073\/revisions"}],"predecessor-version":[{"id":2076,"href":"https:\/\/clubmariabarbeito.com\/index.php?rest_route=\/wp\/v2\/pages\/2073\/revisions\/2076"}],"wp:attachment":[{"href":"https:\/\/clubmariabarbeito.com\/index.php?rest_route=%2Fwp%2Fv2%2Fmedia&parent=2073"}],"curies":[{"name":"wp","href":"https:\/\/api.w.org\/{rel}","templated":true}]}}