{"id":75,"date":"2014-04-02T00:12:18","date_gmt":"2014-04-02T00:12:18","guid":{"rendered":"http:\/\/fitness.skat.tf\/?page_id=75"},"modified":"2019-10-04T11:47:47","modified_gmt":"2019-10-04T09:47:47","slug":"club","status":"publish","type":"page","link":"https:\/\/clubmariabarbeito.com\/?page_id=75","title":{"rendered":"Club"},"content":{"rendered":"<h3 class=\"sd-styled-title\">QUIENES SOMOS<\/h3>\n<p>El club de gimnasia r\u00edtmica Mar\u00eda Barbeito surge en el seno del colegio coru\u00f1es del mismo nombre en el a\u00f1o 2000.<\/p>\n<p>Este deporte forma parte de la oferta de actividades extraescolares del centro y siempre ha tenido una gran acogida entre las alumnas del mismo, por ello en el a\u00f1o 2000 se decide crear un club para poder participar a nivel federado en torneos y competiciones debido al nivel alcanzado por ciertas alumas.<\/p>\n<p>Desde entonces el Club ha participado en diferente eventos deportivos a nivel auton\u00f3mico y nacional.<\/p>\n<p><a href=\"https:\/\/clubmariabarbeito.com\/web\/wp-content\/uploads\/2014\/04\/02.jpg\"><img loading=\"lazy\" decoding=\"async\" class=\"alignnone size-full wp-image-1552\" src=\"https:\/\/clubmariabarbeito.com\/web\/wp-content\/uploads\/2014\/04\/02.jpg\" alt=\"02\" width=\"275\" height=\"144\" \/><\/a><a href=\"https:\/\/clubmariabarbeito.com\/web\/wp-content\/uploads\/2014\/04\/2026AA1-300x170.jpg\">\u00a0\u00a0 <\/a><a href=\"https:\/\/clubmariabarbeito.com\/web\/wp-content\/uploads\/2014\/04\/03.jpg\"><img loading=\"lazy\" decoding=\"async\" class=\"alignnone size-full wp-image-1553\" src=\"https:\/\/clubmariabarbeito.com\/web\/wp-content\/uploads\/2014\/04\/03.jpg\" alt=\"03\" width=\"275\" height=\"144\" \/><\/a><a href=\"https:\/\/clubmariabarbeito.com\/web\/wp-content\/uploads\/2014\/04\/2026AA1-300x170.jpg\">\u00a0\u00a0 <\/a><a href=\"https:\/\/clubmariabarbeito.com\/web\/wp-content\/uploads\/2014\/04\/01.jpg\"><img loading=\"lazy\" decoding=\"async\" class=\" size-full wp-image-1551 aligncenter\" src=\"https:\/\/clubmariabarbeito.com\/web\/wp-content\/uploads\/2014\/04\/01.jpg\" alt=\"01\" width=\"275\" height=\"144\" \/><\/a><\/p>\n<p>&nbsp;<\/p>\n","protected":false},"excerpt":{"rendered":"<p>QUIENES SOMOS El club de gimnasia r\u00edtmica Mar\u00eda Barbeito surge en el seno del colegio <a href=\"https:\/\/clubmariabarbeito.com\/?page_id=75\">Read more<\/a><\/p>\n","protected":false},"author":1,"featured_media":0,"parent":0,"menu_order":0,"comment_status":"closed","ping_status":"closed","template":"","meta":{"footnotes":""},"class_list":["post-75","page","type-page","status-publish","hentry"],"_links":{"self":[{"href":"https:\/\/clubmariabarbeito.com\/index.php?rest_route=\/wp\/v2\/pages\/75"}],"collection":[{"href":"https:\/\/clubmariabarbeito.com\/index.php?rest_route=\/wp\/v2\/pages"}],"about":[{"href":"https:\/\/clubmariabarbeito.com\/index.php?rest_route=\/wp\/v2\/types\/page"}],"author":[{"embeddable":true,"href":"https:\/\/clubmariabarbeito.com\/index.php?rest_route=\/wp\/v2\/users\/1"}],"replies":[{"embeddable":true,"href":"https:\/\/clubmariabarbeito.com\/index.php?rest_route=%2Fwp%2Fv2%2Fcomments&post=75"}],"version-history":[{"count":6,"href":"https:\/\/clubmariabarbeito.com\/index.php?rest_route=\/wp\/v2\/pages\/75\/revisions"}],"predecessor-version":[{"id":1695,"href":"https:\/\/clubmariabarbeito.com\/index.php?rest_route=\/wp\/v2\/pages\/75\/revisions\/1695"}],"wp:attachment":[{"href":"https:\/\/clubmariabarbeito.com\/index.php?rest_route=%2Fwp%2Fv2%2Fmedia&parent=75"}],"curies":[{"name":"wp","href":"https:\/\/api.w.org\/{rel}","templated":true}]}}